{"id":89,"date":"2023-04-11T18:22:07","date_gmt":"2023-04-11T16:22:07","guid":{"rendered":"https:\/\/ambasciatapraga.esteri.it\/?page_id=89"},"modified":"2024-10-16T12:18:25","modified_gmt":"2024-10-16T09:18:25","slug":"visti","status":"publish","type":"page","link":"https:\/\/ambnicosia.esteri.it\/it\/servizi-consolari-e-visti\/servizi-per-il-cittadino-straniero\/visti\/","title":{"rendered":"Visti"},"content":{"rendered":"<p style=\"text-align: justify;\">Sul portale online\u00a0<a href=\"https:\/\/vistoperitalia.esteri.it\/home\/it\">\u201cIl visto per l\u2019Italia\u201d<\/a>\u00a0sono reperibili tutte le informazioni sui requisiti e le condizioni per ottenere il visto per il nostro Paese. Attraverso una procedura guidata, sulla base della nazionalit\u00e0, del Paese di residenza, dei motivi della visita e della durata del soggiorno, si sapr\u00e0 se \u00e8 necessario o meno richiedere un visto d\u2019ingresso per l\u2019Italia.<\/p>\n<p style=\"text-align: justify;\">Nel caso sia necessario richiedere il visto d\u2019ingresso \u00e8 necessario presentarsi personalmente presso l\u2019Ufficio Consolare di questa Ambasciata, dopo aver prenotato un appuntamento sul sito <a href=\"https:\/\/prenotami.esteri.it\/\">https:\/\/prenotami.esteri.it\/<\/a> (in caso di problemi sar\u00e0 possibile indirizzare una mail a <u><a href=\"mailto:nicosia.visa@esteri.it\">nicosia.visa@esteri.it<\/a><\/u>).<\/p>\n<p style=\"text-align: justify;\"><u>Si ricorda che l\u2019eventuale utilizzo di intermediari per la prenotazione degli appuntamenti potr\u00e0 risultare nella cancellazione degli stessi<\/u>.<\/p>\n<p style=\"text-align: justify;\">Per maggiori informazioni sul visto d\u2019ingresso e soggiorno in Italia si prega di consultare il seguente link:\u00a0<a href=\"https:\/\/www.esteri.it\/it\/servizi-consolari-e-visti\/ingressosoggiornoinitalia\/\">I Visti per entrare in Italia<\/a><\/p>\n","protected":false},"excerpt":{"rendered":"Sul portale online\u00a0\u201cIl visto per l\u2019Italia\u201d\u00a0sono reperibili tutte le informazioni sui requisiti e le condizioni per ottenere il visto per il nostro Paese. Attraverso una procedura guidata, sulla base della nazionalit\u00e0, del Paese di residenza, dei motivi della visita e della durata del soggiorno, si sapr\u00e0 se \u00e8 necessario o meno richiedere un visto d\u2019ingresso [&hellip;]","protected":false},"author":1,"featured_media":0,"parent":48,"menu_order":0,"comment_status":"closed","ping_status":"closed","template":"","meta":{"footnotes":""},"class_list":["post-89","page","type-page","status-publish","hentry"],"_links":{"self":[{"href":"https:\/\/ambnicosia.esteri.it\/it\/wp-json\/wp\/v2\/pages\/89","targetHints":{"allow":["GET"]}}],"collection":[{"href":"https:\/\/ambnicosia.esteri.it\/it\/wp-json\/wp\/v2\/pages"}],"about":[{"href":"https:\/\/ambnicosia.esteri.it\/it\/wp-json\/wp\/v2\/types\/page"}],"author":[{"embeddable":true,"href":"https:\/\/ambnicosia.esteri.it\/it\/wp-json\/wp\/v2\/users\/1"}],"replies":[{"embeddable":true,"href":"https:\/\/ambnicosia.esteri.it\/it\/wp-json\/wp\/v2\/comments?post=89"}],"version-history":[{"count":1,"href":"https:\/\/ambnicosia.esteri.it\/it\/wp-json\/wp\/v2\/pages\/89\/revisions"}],"predecessor-version":[{"id":2690,"href":"https:\/\/ambnicosia.esteri.it\/it\/wp-json\/wp\/v2\/pages\/89\/revisions\/2690"}],"up":[{"embeddable":true,"href":"https:\/\/ambnicosia.esteri.it\/it\/wp-json\/wp\/v2\/pages\/48"}],"wp:attachment":[{"href":"https:\/\/ambnicosia.esteri.it\/it\/wp-json\/wp\/v2\/media?parent=89"}],"curies":[{"name":"wp","href":"https:\/\/api.w.org\/{rel}","templated":true}]}}