{"id":73,"date":"2023-04-11T18:19:45","date_gmt":"2023-04-11T16:19:45","guid":{"rendered":"https:\/\/ambasciatapraga.esteri.it\/?page_id=73"},"modified":"2023-05-25T18:47:46","modified_gmt":"2023-05-25T15:47:46","slug":"traduzione-e-legalizzazione-dei-documenti","status":"publish","type":"page","link":"https:\/\/ambnicosia.esteri.it\/it\/servizi-consolari-e-visti\/servizi-per-il-cittadino-italiano\/traduzione-e-legalizzazione-dei-documenti\/","title":{"rendered":"Traduzione e legalizzazione dei documenti"},"content":{"rendered":"<p>Cipro ha sottoscritto la Convenzione dell\u2019Aia del 5 ottobre 1961 relativa all\u2019abolizione della legalizzazione di atti pubblici stranieri. La necessit\u00e0 di legalizzare gli atti e i documenti rilasciati da autorit\u00e0 straniere e&#8217; sostituita da un&#8217;altra formalit\u00e0: l&#8217;apposizione della &#8220;apostille&#8221;. Pertanto, una persona proveniente da Cipro puo&#8217; far legalizzare un documento cipriota recandosi presso il Ministero della Giustizia facendo apporre l&#8217;apostille sul documento stesso.<\/p>\n<p>Perche&#8217; sia valido in Italia, il documento dovr\u00e0 essere fatto tradurre in italiano presso il P.I.O. (<a href=\"https:\/\/www.pio.gov.cy\/en\/register-of-sworn-translators.html\">Press and Information Office<\/a> &#8211; Ufficio governativo cipriota) e presentato agli uffici della cancelleria consolare perch\u00e8 venga legalizzata la firma del traduttore stesso.<\/p>\n","protected":false},"excerpt":{"rendered":"Cipro ha sottoscritto la Convenzione dell\u2019Aia del 5 ottobre 1961 relativa all\u2019abolizione della legalizzazione di atti pubblici stranieri. La necessit\u00e0 di legalizzare gli atti e i documenti rilasciati da autorit\u00e0 straniere e&#8217; sostituita da un&#8217;altra formalit\u00e0: l&#8217;apposizione della &#8220;apostille&#8221;. Pertanto, una persona proveniente da Cipro puo&#8217; far legalizzare un documento cipriota recandosi presso il Ministero [&hellip;]","protected":false},"author":1,"featured_media":0,"parent":47,"menu_order":14,"comment_status":"closed","ping_status":"closed","template":"","meta":{"footnotes":""},"class_list":["post-73","page","type-page","status-publish","hentry"],"_links":{"self":[{"href":"https:\/\/ambnicosia.esteri.it\/it\/wp-json\/wp\/v2\/pages\/73","targetHints":{"allow":["GET"]}}],"collection":[{"href":"https:\/\/ambnicosia.esteri.it\/it\/wp-json\/wp\/v2\/pages"}],"about":[{"href":"https:\/\/ambnicosia.esteri.it\/it\/wp-json\/wp\/v2\/types\/page"}],"author":[{"embeddable":true,"href":"https:\/\/ambnicosia.esteri.it\/it\/wp-json\/wp\/v2\/users\/1"}],"replies":[{"embeddable":true,"href":"https:\/\/ambnicosia.esteri.it\/it\/wp-json\/wp\/v2\/comments?post=73"}],"version-history":[{"count":0,"href":"https:\/\/ambnicosia.esteri.it\/it\/wp-json\/wp\/v2\/pages\/73\/revisions"}],"up":[{"embeddable":true,"href":"https:\/\/ambnicosia.esteri.it\/it\/wp-json\/wp\/v2\/pages\/47"}],"wp:attachment":[{"href":"https:\/\/ambnicosia.esteri.it\/it\/wp-json\/wp\/v2\/media?parent=73"}],"curies":[{"name":"wp","href":"https:\/\/api.w.org\/{rel}","templated":true}]}}