{"id":71,"date":"2023-04-11T18:19:16","date_gmt":"2023-04-11T16:19:16","guid":{"rendered":"https:\/\/ambasciatapraga.esteri.it\/?page_id=71"},"modified":"2026-04-02T16:31:59","modified_gmt":"2026-04-02T13:31:59","slug":"servizi-notarili","status":"publish","type":"page","link":"https:\/\/ambnicosia.esteri.it\/it\/servizi-consolari-e-visti\/servizi-per-il-cittadino-italiano\/servizi-notarili\/","title":{"rendered":"Servizi notarili"},"content":{"rendered":"<p>L\u2019ufficio consolare esercita \u2013esclusivamente nei confronti di cittadini italiani che si trovano all\u2019estero in via permanente o temporanea (<a href=\"https:\/\/www.normattiva.it\/uri-res\/N2Ls?urn:nir:stato:decreto.legislativo:2011-02-03;71\">D. Lgs. 71\/2011<\/a>) \u2013 alcune funzioni notarili previste dal nostro ordinamento. Essenzialmente si tratta del ricevimento di atti pubblici (procure, testamenti), di atti notori, di autenticazioni e di sottoscrizioni apposte a scritture private.<\/p>\n<p>Il cittadino italiano all\u2019estero pu\u00f2, in alternativa, formalizzare l\u2019atto presso un pubblico notaio ufficialmente accreditato nel Paese di residenza. Successivamente, se il Paese ha aderito alla Convenzione dell\u2019Aja del 1961 per l\u2019abolizione della legalizzazione, deve provvedere a far apporre sul documento l\u2019\u00abapostille\u00bb da parte dell\u2019Autorit\u00e0 preposta nel Paese di residenza. Si suggerisce di consultare a tal proposito anche la sezione dedicata alla <a href=\"https:\/\/ambnicosia.esteri.it\/it\/servizi-consolari-e-visti\/servizi-per-il-cittadino-italiano\/traduzione-e-legalizzazione-dei-documenti\/\">Traduzione e legalizzazione dei documenti<\/a>.<\/p>\n<p>&nbsp;<\/p>\n<h4><strong>Procura speciale\u00a0<\/strong><\/h4>\n<p><strong>Per le \u00a0procure speciali \u00a0\u00e8 necessario anticipare via email prima dell\u2019appuntamento una bozza in formato word\u00a0<\/strong>dell\u2019atto richiesto redatta dal notaio\/avvocato italiano.<\/p>\n<p>L\u2019interessato dovr\u00e0 inoltre esibire:<\/p>\n<p>\u2013\u00a0il proprio documento di identit\u00e0 italiano (passaporto o carta di identit\u00e0) in corso di validit\u00e0<\/p>\n<p>\u2013\u00a0il proprio codice fiscale<\/p>\n<p>\u2013\u00a0copia del documento d\u2019identit\u00e0 del procuratore<\/p>\n<p>\u2013\u00a0copia del codice fiscale del procuratore<\/p>\n<p>Sar\u00e0 altres\u00ec necessario fornire i dati relativi alla residenza anagrafica dell\u2019interessato e del procuratore.<\/p>\n<p>La procura speciale viene rilasciata in originale.<\/p>\n<p>La tariffa per la procura speciale pu\u00f2 essere verificata a questo <strong><a href=\"https:\/\/ambnicosia.esteri.it\/wp-content\/uploads\/2024\/07\/Tariffe-Consolari.pdf\">link<\/a><\/strong>.<\/p>\n<p>&nbsp;<\/p>\n<h4><strong>Procura generale<\/strong><\/h4>\n<p>Con questo atto l\u2019interessato affida al rappresentante (procuratore) la gestione di tutti i suoi affari, sia presenti sia futuri. La procura generale \u00e8 rilasciata a tempo indeterminato ed \u00e8 efficace fino a revoca.<\/p>\n<p>Per il rilascio di una procura generale <strong>\u00e8 necessario anticipare via email prima dell\u2019appuntamento una bozza in formato word\u00a0<\/strong>dell\u2019atto richiesto redatta dal notaio\/avvocato italiano.<\/p>\n<p>Dati necessariamente presenti nella bozza:<\/p>\n<p><strong>Cognome<\/strong><\/p>\n<p><strong>Nome<\/strong><\/p>\n<p><strong>Data di nascita<\/strong><\/p>\n<p><strong>Luogo di nascita<\/strong><\/p>\n<p><strong>Residenza (citt\u00e0 ed indirizzo)<\/strong><\/p>\n<p><strong>Cittadinanza<\/strong><\/p>\n<p><strong>Codice fiscale<\/strong><\/p>\n<p><strong>Stato civile: Coniugato\/Libero\/Vedovo<\/strong><\/p>\n<p><strong>sia della persona che conferisce la procura sia della persona a cui si intende conferire la procura generale.<\/strong><\/p>\n<p>&nbsp;<\/p>\n<p><strong>N.B. Se il richiedente \u00e8 coniugato in regime di comunione dei beni, la procura deve essere sottoscritta da entrambi i coniugi.<\/strong><\/p>\n<p>L\u2019originale della procura generale resta agli atti dell\u2019Ambasciata. Agli interessati vengono rilasciate copie autentiche.<\/p>\n<p>La tariffa per la procura generale (art.17a) e per le copie autentiche (art. 25) pu\u00f2 essere verificata a questo <span style=\"text-decoration: underline;\"><strong><a href=\"https:\/\/ambnicosia.esteri.it\/wp-content\/uploads\/2024\/07\/Tariffe-Consolari.pdf\">link<\/a><\/strong><\/span>.<\/p>\n<p>&nbsp;<\/p>\n<h4>Procura Speciale per Pratiche Successorie<\/h4>\n<p>I cittadini\u00a0<strong>italiani<\/strong>\u00a0che desiderino sottoscrivere una\u00a0<strong>procura speciale per<\/strong>\u00a0<strong>pratiche successorie\u00a0<\/strong>presso questo Consolato, dovranno richiedere un appuntamento scrivendo all\u2019indirizzo\u00a0<a href=\"mailto:consolare.nicosia@esteri.it\">consolare.nicosia@esteri.it<\/a>, includendo nell\u2019email le seguenti informazioni:<\/p>\n<ul>\n<li>Una bozza in formato word dell\u2019atto richiesto redatta dal notaio\/avvocato italiano<\/li>\n<\/ul>\n<ul>\n<li>Nome, cognome, data e luogo di nascita, indirizzo di residenza e codice fiscale del rappresentato (persona che conferisce la procura);<\/li>\n<li>Nome, cognome, data e luogo di nascita, indirizzo di residenza e codice fiscale del procuratore (persona che riceve la procura);<\/li>\n<li>Nome, cognome, data e luogo di nascita, data e luogo del decesso, indirizzo di residenza vita e codice fiscale della persona deceduta.<\/li>\n<\/ul>\n<p>Una volta verificata l\u2019accettabilit\u00e0 della richiesta, l\u2019Ufficio risponder\u00e0 offrendo un appuntamento in Consolato.<\/p>\n<p>All\u2019appuntamento dovr\u00e0 presentarsi solamente la persona che conferisce la procura, e dovr\u00e0 portare:<\/p>\n<ol>\n<li>Una email di conferma appuntamento che verr\u00e0 fornita dall\u2019Ufficio;<\/li>\n<li>Un proprio documento di identit\u00e0 in corso di validit\u00e0 e codice fiscale, nonch\u00e9 copia del documento e del codice fiscale del procuratore;<\/li>\n<li>Mezzi per il pagamento in contanti. Il costo del servizio \u00e8 quanto indicato all\u2019art. 18, della\u00a0<a href=\"https:\/\/ambnicosia.esteri.it\/wp-content\/uploads\/2024\/07\/Tariffe-Consolari.pdf\">Tabella dei diritti consolari<\/a>.<\/li>\n<\/ol>\n<p>Il giorno dell\u2019appuntamento verr\u00e0 rilasciato al rappresentato l\u2019originale della procura speciale. Questi dovr\u00e0 provvedere\u00a0<strong>autonomamente<\/strong>\u00a0all\u2019invio dell\u2019originale cartaceo al procuratore. Il Consolato non pu\u00f2 emettere dichiarazioni di conformit\u00e0 di copie digitali ad originali cartacei.<\/p>\n","protected":false},"excerpt":{"rendered":"L\u2019ufficio consolare esercita \u2013esclusivamente nei confronti di cittadini italiani che si trovano all\u2019estero in via permanente o temporanea (D. Lgs. 71\/2011) \u2013 alcune funzioni notarili previste dal nostro ordinamento. Essenzialmente si tratta del ricevimento di atti pubblici (procure, testamenti), di atti notori, di autenticazioni e di sottoscrizioni apposte a scritture private. Il cittadino italiano all\u2019estero [&hellip;]","protected":false},"author":1,"featured_media":0,"parent":47,"menu_order":10,"comment_status":"closed","ping_status":"closed","template":"","meta":{"footnotes":""},"class_list":["post-71","page","type-page","status-publish","hentry"],"_links":{"self":[{"href":"https:\/\/ambnicosia.esteri.it\/it\/wp-json\/wp\/v2\/pages\/71","targetHints":{"allow":["GET"]}}],"collection":[{"href":"https:\/\/ambnicosia.esteri.it\/it\/wp-json\/wp\/v2\/pages"}],"about":[{"href":"https:\/\/ambnicosia.esteri.it\/it\/wp-json\/wp\/v2\/types\/page"}],"author":[{"embeddable":true,"href":"https:\/\/ambnicosia.esteri.it\/it\/wp-json\/wp\/v2\/users\/1"}],"replies":[{"embeddable":true,"href":"https:\/\/ambnicosia.esteri.it\/it\/wp-json\/wp\/v2\/comments?post=71"}],"version-history":[{"count":6,"href":"https:\/\/ambnicosia.esteri.it\/it\/wp-json\/wp\/v2\/pages\/71\/revisions"}],"predecessor-version":[{"id":4444,"href":"https:\/\/ambnicosia.esteri.it\/it\/wp-json\/wp\/v2\/pages\/71\/revisions\/4444"}],"up":[{"embeddable":true,"href":"https:\/\/ambnicosia.esteri.it\/it\/wp-json\/wp\/v2\/pages\/47"}],"wp:attachment":[{"href":"https:\/\/ambnicosia.esteri.it\/it\/wp-json\/wp\/v2\/media?parent=71"}],"curies":[{"name":"wp","href":"https:\/\/api.w.org\/{rel}","templated":true}]}}