{"id":44,"date":"2023-04-11T18:10:45","date_gmt":"2023-04-11T16:10:45","guid":{"rendered":"https:\/\/ambasciatapraga.esteri.it\/?page_id=44"},"modified":"2023-06-21T12:13:40","modified_gmt":"2023-06-21T09:13:40","slug":"diplomazia-culturale","status":"publish","type":"page","link":"https:\/\/ambnicosia.esteri.it\/it\/italia-e-cipro\/diplomazia-culturale\/","title":{"rendered":"Diplomazia culturale"},"content":{"rendered":"<p style=\"text-align: justify;\">La cultura \u00e8 un elemento essenziale dell\u2019identit\u00e0 italiana nel mondo e rappresenta un patrimonio materiale e immateriale cui attingere per affrontare le sfide della contemporaneit\u00e0. Ne fanno parte a pieno titolo la lingua italiana come eredit\u00e0 del passato e ponte verso il futuro, e la ricerca scientifica, settore in cui il nostro Paese pu\u00f2 vantare punte di eccellenza a livello mondiale.\u00a0La promozione culturale occupa quindi un ruolo fondamentale nella politica estera del nostro Paese e costituisce uno dei principali strumenti di proiezione esterna.<\/p>\n<p><img loading=\"lazy\" decoding=\"async\" class=\"alignnone size-medium wp-image-549 img-fluid\" src=\"https:\/\/ambnicosia.esteri.it\/wp-content\/uploads\/2023\/05\/LaCittaIdeale-300x76.jpg\" alt=\"\" width=\"300\" height=\"76\" srcset=\"https:\/\/ambnicosia.esteri.it\/wp-content\/uploads\/2023\/05\/LaCittaIdeale-300x76.jpg 300w, https:\/\/ambnicosia.esteri.it\/wp-content\/uploads\/2023\/05\/LaCittaIdeale.jpg 565w\" sizes=\"auto, (max-width: 300px) 100vw, 300px\" \/><\/p>\n<p style=\"text-align: justify;\">Tra Italia e Cipro esiste un Accordo di collaborazione in campo culturale, scientifico, tecnologico e dell&#8217;istruzione che si prefigge di promuovere maggiori attivita&#8217; congiunte e sviluppare ulteriormente le relazioni bilaterali. L&#8217;Accordo e&#8217; entrato in vigore il 15 giugno del 2016.<\/p>\n<p style=\"text-align: justify;\">Al fine di sostenere la diffusione della lingua e della cultura italiana, il Ministero degli Affari Esteri, attraverso l&#8217;Ambasciata d&#8217;Italia a Nicosia, assegna ogni anno dei contributi finanziari alle Scuole e alle Universit\u00e0 di Cipro dove si insegna la lingua italiana nonch\u00e8 alle missioni archeologiche italiane presenti a Cipro.<\/p>\n","protected":false},"excerpt":{"rendered":"La cultura \u00e8 un elemento essenziale dell\u2019identit\u00e0 italiana nel mondo e rappresenta un patrimonio materiale e immateriale cui attingere per affrontare le sfide della contemporaneit\u00e0. Ne fanno parte a pieno titolo la lingua italiana come eredit\u00e0 del passato e ponte verso il futuro, e la ricerca scientifica, settore in cui il nostro Paese pu\u00f2 vantare [&hellip;]","protected":false},"author":1,"featured_media":0,"parent":14,"menu_order":2,"comment_status":"closed","ping_status":"closed","template":"","meta":{"footnotes":""},"class_list":["post-44","page","type-page","status-publish","hentry"],"_links":{"self":[{"href":"https:\/\/ambnicosia.esteri.it\/it\/wp-json\/wp\/v2\/pages\/44","targetHints":{"allow":["GET"]}}],"collection":[{"href":"https:\/\/ambnicosia.esteri.it\/it\/wp-json\/wp\/v2\/pages"}],"about":[{"href":"https:\/\/ambnicosia.esteri.it\/it\/wp-json\/wp\/v2\/types\/page"}],"author":[{"embeddable":true,"href":"https:\/\/ambnicosia.esteri.it\/it\/wp-json\/wp\/v2\/users\/1"}],"replies":[{"embeddable":true,"href":"https:\/\/ambnicosia.esteri.it\/it\/wp-json\/wp\/v2\/comments?post=44"}],"version-history":[{"count":0,"href":"https:\/\/ambnicosia.esteri.it\/it\/wp-json\/wp\/v2\/pages\/44\/revisions"}],"up":[{"embeddable":true,"href":"https:\/\/ambnicosia.esteri.it\/it\/wp-json\/wp\/v2\/pages\/14"}],"wp:attachment":[{"href":"https:\/\/ambnicosia.esteri.it\/it\/wp-json\/wp\/v2\/media?parent=44"}],"curies":[{"name":"wp","href":"https:\/\/api.w.org\/{rel}","templated":true}]}}