{"id":3821,"date":"2025-10-23T16:01:25","date_gmt":"2025-10-23T13:01:25","guid":{"rendered":"https:\/\/ambnicosia.esteri.it\/?page_id=3821"},"modified":"2026-04-17T12:29:59","modified_gmt":"2026-04-17T09:29:59","slug":"acquisto-della-cittadinanza-per-beneficio-di-legge-figli-minori-nati-allestero","status":"publish","type":"page","link":"https:\/\/ambnicosia.esteri.it\/it\/servizi-consolari-e-visti\/servizi-per-il-cittadino-straniero\/cittadinanza\/acquisto-della-cittadinanza-per-beneficio-di-legge-figli-minori-nati-allestero\/","title":{"rendered":"Acquisto della cittadinanza per \u201cbeneficio di legge\u201d (figli minori nati all\u2019estero)"},"content":{"rendered":"<p><strong>Figli minorenni nati all\u2019estero da cittadini italiani\u00a0<em>iure sanguinis<\/em>: acquisto della Cittadinanza per \u201cbeneficio di legge\u201d<\/strong><\/p>\n<p>Il quadro normativo vigente in materia di cittadinanza \u2013 Legge n. 91\/1992 e Legge n. 74\/2025 (che ha convertito con modificazioni il Decreto-Legge 36\/2025)- prevede che il\u00a0<u>figlio minorenne di cittadino italiano riconosciuto come tale dalla nascita e in possesso di altra cittadinanza<\/u>\u00a0diviene anch\u2019esso cittadino italiano solo se i genitori o il tutore\u00a0<strong>rendono una dichiarazione di volont\u00e0 all\u2019acquisto<\/strong>\u00a0della cittadinanza italiana a favore del proprio figlio (o minore sotto tutela)\u00a0<strong>entro tre anni dalla nascita<\/strong>\u00a0o dalla data di riconoscimento\/adozione (comma 1-bis dell\u2019articolo 4 della legge n. 91\/1992).<\/p>\n<p>La trasmissione della cittadinanza italiana per i\u00a0<strong>figli minorenni nati all\u2019estero<\/strong>\u00a0da genitore cittadino non \u00e8 dunque automatica: prevede un meccanismo di\u00a0<strong>acquisto di cittadinanza per beneficio di legge<\/strong>. Il\u00a0<strong>minore<\/strong>\u00a0che ne beneficia\u00a0<strong>non<\/strong>\u00a0<strong>sar\u00e0<\/strong>\u00a0<strong>cittadino per nascita<\/strong>\u00a0n\u00e9\u00a0<em>iure sanguinis<\/em>, pertanto lo status di cittadino italiano del minore avr\u00e0 efficacia dal giorno successivo a quello in cui si saranno verificate le condizioni previste dalla legge (articolo 15 della legge n. 91\/1992).<\/p>\n<p>Per l\u2019acquisto della cittadinanza italiana da parte dei figli minorenni, devono essere posseduti congiuntamente i seguenti requisiti:<\/p>\n<ul>\n<li>Almeno uno dei\u00a0<strong>genitori<\/strong>\u00a0dev\u2019essere\u00a0<strong>cittadino italiano per nascita (cio\u00e8 iure sanguinis)<\/strong>. Quindi, l\u2019acquisto per beneficio di legge non si applica a genitori che siano in possesso della cittadinanza italiana ad altro titolo (naturalizzazioni, cittadinanze per beneficio di legge ex art. 9 della Legge n. 91\/1992, cittadinanze per matrimonio ex art. 5 della Legge n. 91\/1992, cittadini\u00a0<em>juris communicatione<\/em>, art. 14 della legge 91\/92).<\/li>\n<li><strong><u>Entrambi<\/u><\/strong>\u00a0i genitori (anche il genitore straniero) o il tutore devono presentare una\u00a0<strong>dichiarazione di volont\u00e0 di acquisto della cittadinanza entro tre anni dalla nascita <\/strong>(o dalla data in cui \u00e8 stabilita la filiazione da cittadino italiano o in cui \u00e8 decisa l\u2019adozione da parte di cittadino italiano durante la minore et\u00e0 del figlio). Qualora la filiazione sia stata riconosciuta in tempi successivi da parte dei genitori, entrambi cittadini italiani per nascita, il termine di tre anni decorrer\u00e0 dal primo riconoscimento. Se invece avviene prima il riconoscimento da parte di genitore straniero (o cittadino italiano ad altro titolo), il termine di tre anni sar\u00e0 computato a partire dal riconoscimento da parte del secondo genitore, cittadino italiano per nascita.<\/li>\n<\/ul>\n<p><strong>La dichiarazione di volont\u00e0 di acquisto della cittadinanza deve essere formale e avvenire di persona innanzi al funzionario delegato di questa Cancelleria Consolare\u00a0.<\/strong>\u00a0Se i genitori non rendono la dichiarazione contestualmente, il requisito di legge si considera soddisfatto solo alla data in cui \u00e8 presentata la dichiarazione del secondo genitore.<\/p>\n<p>Se la filiazione (anche adottiva) \u00e8 stabilita nei confronti di una sola persona (o se l\u2019altro genitore \u00e8 deceduto), sar\u00e0 sufficiente la dichiarazione di un solo genitore.<\/p>\n<p>Si precisa che, decorso il termine di tre anni dalla nascita del figlio, la dichiarazione pu\u00f2 essere presentata solo in caso di stabilimento della residenza legale del minore in Italia, che dovr\u00e0 perdurare per almeno due anni continuativi dopo la dichiarazione di volont\u00e0 di acquisto della cittadinanza presentata dai genitori (Art. 4, comma 1-bis, lettera \u201ca\u201d della Legge n. 91\/1992). In questo caso, l\u2019accertamento dell\u2019acquisto della cittadinanza italiana da parte del minore sar\u00e0 competenza del Comune di residenza.<\/p>\n<p>&nbsp;<\/p>\n<p>&nbsp;<\/p>\n<p>&nbsp;<\/p>\n<p><strong>!! IMPORTANTE: REGIME TRANSITORIO PER LA DICHIARAZIONE DI VOLONT\u00c0 ALL\u2019ACQUISTO DI CITTADINANZA DI FIGLI MINORENNI. !!<\/strong><\/p>\n<p>La Legge 74\/2025 (che ha convertito con modificazioni il Decreto-Legge n. 36\/2025) prevede un regime transitorio per coloro i quali alla data di entrata in vigore della stessa (ovvero il 24 maggio 2025) avessero figli minorenni (cio\u00e8 che non avessero compiuto il diciottesimo anno di et\u00e0).<\/p>\n<p><u>In via transitoria<\/u>, i\u00a0<strong>cittadini italiani per nascita\u00a0<\/strong>gi\u00e0 riconosciuti come tali potranno presentare la dichiarazione di volont\u00e0 all\u2019acquisto della cittadinanza italiana per beneficio di legge a favore dei propri figli solo se:<\/p>\n<ul>\n<li>Almeno uno dei genitori \u00e8\u00a0<strong>cittadino italiano per nascita<\/strong>.<\/li>\n<li>Alla data di entrata in vigore della legge n. 74\/2025, ovvero\u00a0<strong>al 24 maggio 2025<\/strong>, i propri\u00a0<strong>figli<\/strong>\u00a0<strong>erano minorenni<\/strong>.<\/li>\n<li><strong><u>Entrambi<\/u><\/strong>\u00a0i genitori (anche il genitore straniero) o il tutore presentano la\u00a0<strong>dichiarazione di volont\u00e0 di acquisto della cittadinanza\u00a0<\/strong>entro e non oltre il\u00a0<strong>termine perentorio del 31 maggio 2026\u00a0<\/strong>innanzi all\u2019Ufficio consolare. Se un figlio, minorenne alla data del 24 maggio 2025, diviene nel frattempo maggiorenne, la dichiarazione dovr\u00e0 essere presentata direttamente dal figlio stesso.<\/li>\n<\/ul>\n<p>&nbsp;<\/p>\n<div>\n<p><span style=\"color: #ff0000;\">IMPORTANTE AGGIORNAMENTO: \u00a0<\/span><\/p>\n<p><strong>DICHIARAZIONI PER L&#8217;ACQUISTO\u00a0 cittadinanza per beneficio di legge\u00a0<\/strong><\/p>\n<p style=\"text-align: justify;\"><em>con la pubblicazione della Legge 28 febbraio 2026, n. 26, \u00e8 stato prorogato il termine previsto dalla norma transitoria di cui\u00a0 all\u2019articolo 1, comma 1-ter, del Decreto-Legge 28 marzo 2025, n. 36 : pertanto\u00a0per i minori alla data del 24 maggio 2025 che siano figli di almeno un cittadino italiano jure sanguinis,\u00a0<strong>\u00e8 possibile presentare la dichiarazione di acquisto della cittadinanza entro il 31 maggio 2029 (e non pi\u00f9 il 31 maggio 2026)<\/strong><\/em><strong>.<\/strong><\/p>\n<p>&nbsp;<\/p>\n<\/div>\n","protected":false},"excerpt":{"rendered":"Figli minorenni nati all\u2019estero da cittadini italiani\u00a0iure sanguinis: acquisto della Cittadinanza per \u201cbeneficio di legge\u201d Il quadro normativo vigente in materia di cittadinanza \u2013 Legge n. 91\/1992 e Legge n. 74\/2025 (che ha convertito con modificazioni il Decreto-Legge 36\/2025)- prevede che il\u00a0figlio minorenne di cittadino italiano riconosciuto come tale dalla nascita e in possesso di [&hellip;]","protected":false},"author":16,"featured_media":0,"parent":90,"menu_order":0,"comment_status":"closed","ping_status":"closed","template":"","meta":{"footnotes":""},"class_list":["post-3821","page","type-page","status-publish","hentry"],"_links":{"self":[{"href":"https:\/\/ambnicosia.esteri.it\/it\/wp-json\/wp\/v2\/pages\/3821","targetHints":{"allow":["GET"]}}],"collection":[{"href":"https:\/\/ambnicosia.esteri.it\/it\/wp-json\/wp\/v2\/pages"}],"about":[{"href":"https:\/\/ambnicosia.esteri.it\/it\/wp-json\/wp\/v2\/types\/page"}],"author":[{"embeddable":true,"href":"https:\/\/ambnicosia.esteri.it\/it\/wp-json\/wp\/v2\/users\/16"}],"replies":[{"embeddable":true,"href":"https:\/\/ambnicosia.esteri.it\/it\/wp-json\/wp\/v2\/comments?post=3821"}],"version-history":[{"count":5,"href":"https:\/\/ambnicosia.esteri.it\/it\/wp-json\/wp\/v2\/pages\/3821\/revisions"}],"predecessor-version":[{"id":4456,"href":"https:\/\/ambnicosia.esteri.it\/it\/wp-json\/wp\/v2\/pages\/3821\/revisions\/4456"}],"up":[{"embeddable":true,"href":"https:\/\/ambnicosia.esteri.it\/it\/wp-json\/wp\/v2\/pages\/90"}],"wp:attachment":[{"href":"https:\/\/ambnicosia.esteri.it\/it\/wp-json\/wp\/v2\/media?parent=3821"}],"curies":[{"name":"wp","href":"https:\/\/api.w.org\/{rel}","templated":true}]}}