{"id":3745,"date":"2025-10-06T16:46:29","date_gmt":"2025-10-06T13:46:29","guid":{"rendered":"https:\/\/ambnicosia.esteri.it\/?page_id=3745"},"modified":"2025-10-08T16:08:48","modified_gmt":"2025-10-08T13:08:48","slug":"carte-didentita","status":"publish","type":"page","link":"https:\/\/ambnicosia.esteri.it\/it\/servizi-consolari-e-visti\/servizi-per-il-cittadino-italiano\/passaporti-e-carte-didentita\/carte-didentita\/","title":{"rendered":"Carta d&#8217;Identit\u00e0 Elettronica (CIE)"},"content":{"rendered":"<p>La Carta d&#8217;Identit\u00e0 Elettronica (CIE) potr\u00e0 essere rilasciata esclusivamente ai cittadini italiani regolarmente residenti nella circoscrizione consolare dell&#8217;Ambasciata d&#8217;Italia a Cipro, che siano gi\u00e0 registrati nello schedario consolare e i cui dati anagrafici siano gi\u00e0 presenti nella banca dati A.I.R.E. (Anagrafe degli Italiani Residenti all\u2019Estero) del Ministero dell\u2019Interno (e in futuro in ANPR).<\/p>\n<p>Ai fini dell\u2019emissione della CIE \u00e8 inoltre necessario possedere il\u00a0codice fiscale validato<strong>.\u00a0<\/strong>In mancanza, il codice fiscale stesso sar\u00e0 attribuito o validato dall\u2019Agenzia delle Entrate per il tramite dell\u2019Ufficio consolare preliminarmente al rilascio della CIE.<\/p>\n<p>La richiesta della carta d\u2019identit\u00e0 elettronica deve essere presentata prenotando un appuntamento consolare attraverso il portale <a href=\"https:\/\/prenotami.esteri.it\/\" target=\"_blank\" rel=\"noopener\">Prenotami.\u00a0<\/a><\/p>\n<p>Al momento dell&#8217;appuntamento sar\u00e0 necessario presentarsi muniti dei seguenti documenti:<\/p>\n<p>1. Una fotografia formato tessera recente e conforme agli standard internazionali ICAO;<br \/>\n2. Carta di identit\u00e0 precedente. In mancanza di questa, un documento di riconoscimento (anche se scaduto);<br \/>\n3. Dichiarazione di smarrimento\/furto precedente carta se del caso;<br \/>\n4. Atto di assenso di entrambi genitori nel caso in cui il richiedente sia un minore di 18 anni;<br \/>\n5.<strong> Contanti<\/strong>. Per consultare il costo della CIE, si rimanda al seguente link:\u00a0<a href=\"https:\/\/ambnicosia.esteri.it\/wp-content\/uploads\/2024\/12\/tabella_diritti_consolari-in-vigore.pdf\" target=\"_blank\" rel=\"nofollow noopener\">Tariffe Consolari<\/a>.<\/p>\n<p><strong><br \/>\n<\/strong>La CIE \u00e8 emessa dal Ministero dell\u2019Interno e prodotta dall\u2019Istituto Poligrafico e Zecca dello Stato, che la spedisce, a mezzo posta raccomandata, all\u2019indirizzo di residenza dichiarato dal richiedente. Il connazionale potr\u00e0 seguire la spedizione autonomamente online, attraverso il codice di tracciamento.<\/p>\n","protected":false},"excerpt":{"rendered":"La Carta d&#8217;Identit\u00e0 Elettronica (CIE) potr\u00e0 essere rilasciata esclusivamente ai cittadini italiani regolarmente residenti nella circoscrizione consolare dell&#8217;Ambasciata d&#8217;Italia a Cipro, che siano gi\u00e0 registrati nello schedario consolare e i cui dati anagrafici siano gi\u00e0 presenti nella banca dati A.I.R.E. (Anagrafe degli Italiani Residenti all\u2019Estero) del Ministero dell\u2019Interno (e in futuro in ANPR). Ai fini [&hellip;]","protected":false},"author":16,"featured_media":0,"parent":49,"menu_order":0,"comment_status":"closed","ping_status":"closed","template":"","meta":{"footnotes":""},"class_list":["post-3745","page","type-page","status-publish","hentry"],"_links":{"self":[{"href":"https:\/\/ambnicosia.esteri.it\/it\/wp-json\/wp\/v2\/pages\/3745","targetHints":{"allow":["GET"]}}],"collection":[{"href":"https:\/\/ambnicosia.esteri.it\/it\/wp-json\/wp\/v2\/pages"}],"about":[{"href":"https:\/\/ambnicosia.esteri.it\/it\/wp-json\/wp\/v2\/types\/page"}],"author":[{"embeddable":true,"href":"https:\/\/ambnicosia.esteri.it\/it\/wp-json\/wp\/v2\/users\/16"}],"replies":[{"embeddable":true,"href":"https:\/\/ambnicosia.esteri.it\/it\/wp-json\/wp\/v2\/comments?post=3745"}],"version-history":[{"count":3,"href":"https:\/\/ambnicosia.esteri.it\/it\/wp-json\/wp\/v2\/pages\/3745\/revisions"}],"predecessor-version":[{"id":3769,"href":"https:\/\/ambnicosia.esteri.it\/it\/wp-json\/wp\/v2\/pages\/3745\/revisions\/3769"}],"up":[{"embeddable":true,"href":"https:\/\/ambnicosia.esteri.it\/it\/wp-json\/wp\/v2\/pages\/49"}],"wp:attachment":[{"href":"https:\/\/ambnicosia.esteri.it\/it\/wp-json\/wp\/v2\/media?parent=3745"}],"curies":[{"name":"wp","href":"https:\/\/api.w.org\/{rel}","templated":true}]}}