{"id":351,"date":"2023-05-18T13:23:14","date_gmt":"2023-05-18T10:23:14","guid":{"rendered":"https:\/\/ambnicosia.esteri.it\/?page_id=351"},"modified":"2026-02-10T14:57:13","modified_gmt":"2026-02-10T11:57:13","slug":"festivita","status":"publish","type":"page","link":"https:\/\/ambnicosia.esteri.it\/it\/chi-siamo\/gli-uffici\/festivita\/","title":{"rendered":"Festivit\u00e0"},"content":{"rendered":"<p><strong>FESTIVIT\u00c0 2026 &#8211; CIPRO<\/strong><\/p>\n<table width=\"99%\">\n<tbody>\n<tr>\n<td width=\"44%\"><strong>DATA<\/strong><\/td>\n<td width=\"55%\"><strong>DESCRIZIONE<\/strong><\/td>\n<\/tr>\n<tr>\n<td width=\"44%\">gioved\u00ec, 01 gennaio 2026<\/td>\n<td width=\"55%\">Capodanno<\/td>\n<\/tr>\n<tr>\n<td width=\"44%\">marted\u00ec, 06 gennaio 2026<\/td>\n<td width=\"55%\">Epifania<\/td>\n<\/tr>\n<tr>\n<td width=\"44%\">luned\u00ec, 23 febbraio 2026<\/td>\n<td width=\"55%\">Luned\u00ec Verde (GREEN MONDAY)<\/td>\n<\/tr>\n<tr>\n<td width=\"44%\">luned\u00ec, 13 aprile 2026<\/td>\n<td width=\"55%\">Luned\u00ec di Pasqua Ortodossa<\/td>\n<\/tr>\n<tr>\n<td width=\"44%\">sabato, 25 aprile 2026<\/td>\n<td width=\"55%\">25 aprile, Festa della Liberazione<\/td>\n<\/tr>\n<tr>\n<td width=\"44%\">venerd\u00ec, 01 maggio 2026<\/td>\n<td width=\"55%\">Festa del Lavoro<\/td>\n<\/tr>\n<tr>\n<td width=\"44%\">marted\u00ec, 02 giugno 2026<\/td>\n<td width=\"55%\">Festa della Repubblica Italiana<\/td>\n<\/tr>\n<tr>\n<td width=\"44%\">sabato, 15 agosto 2026<\/td>\n<td width=\"55%\">Assunzione<\/td>\n<\/tr>\n<tr>\n<td width=\"44%\">gioved\u00ec, 01 ottobre 2026<\/td>\n<td width=\"55%\">Festa Nazionale di Cipro<\/td>\n<\/tr>\n<tr>\n<td width=\"44%\">domenica, 04 ottobre 2026<\/td>\n<td width=\"55%\">Festa Nazionale di San Francesco d&#8217;Assisi<\/td>\n<\/tr>\n<tr>\n<td width=\"44%\">venerd\u00ec, 25 dicembre 2026<\/td>\n<td width=\"55%\">Natale<\/td>\n<\/tr>\n<tr>\n<td width=\"44%\">sabato, 26 dicembre 2026<\/td>\n<td width=\"55%\">Santo Stefano<\/td>\n<\/tr>\n<\/tbody>\n<\/table>\n","protected":false},"excerpt":{"rendered":"FESTIVIT\u00c0 2026 &#8211; CIPRO DATA DESCRIZIONE gioved\u00ec, 01 gennaio 2026 Capodanno marted\u00ec, 06 gennaio 2026 Epifania luned\u00ec, 23 febbraio 2026 Luned\u00ec Verde (GREEN MONDAY) luned\u00ec, 13 aprile 2026 Luned\u00ec di Pasqua Ortodossa sabato, 25 aprile 2026 25 aprile, Festa della Liberazione venerd\u00ec, 01 maggio 2026 Festa del Lavoro marted\u00ec, 02 giugno 2026 Festa della Repubblica [&hellip;]","protected":false},"author":4,"featured_media":0,"parent":40,"menu_order":1,"comment_status":"closed","ping_status":"closed","template":"","meta":{"footnotes":""},"class_list":["post-351","page","type-page","status-publish","hentry"],"_links":{"self":[{"href":"https:\/\/ambnicosia.esteri.it\/it\/wp-json\/wp\/v2\/pages\/351","targetHints":{"allow":["GET"]}}],"collection":[{"href":"https:\/\/ambnicosia.esteri.it\/it\/wp-json\/wp\/v2\/pages"}],"about":[{"href":"https:\/\/ambnicosia.esteri.it\/it\/wp-json\/wp\/v2\/types\/page"}],"author":[{"embeddable":true,"href":"https:\/\/ambnicosia.esteri.it\/it\/wp-json\/wp\/v2\/users\/4"}],"replies":[{"embeddable":true,"href":"https:\/\/ambnicosia.esteri.it\/it\/wp-json\/wp\/v2\/comments?post=351"}],"version-history":[{"count":6,"href":"https:\/\/ambnicosia.esteri.it\/it\/wp-json\/wp\/v2\/pages\/351\/revisions"}],"predecessor-version":[{"id":4139,"href":"https:\/\/ambnicosia.esteri.it\/it\/wp-json\/wp\/v2\/pages\/351\/revisions\/4139"}],"up":[{"embeddable":true,"href":"https:\/\/ambnicosia.esteri.it\/it\/wp-json\/wp\/v2\/pages\/40"}],"wp:attachment":[{"href":"https:\/\/ambnicosia.esteri.it\/it\/wp-json\/wp\/v2\/media?parent=351"}],"curies":[{"name":"wp","href":"https:\/\/api.w.org\/{rel}","templated":true}]}}