{"id":341,"date":"2023-05-18T13:05:39","date_gmt":"2023-05-18T10:05:39","guid":{"rendered":"https:\/\/ambnicosia.esteri.it\/?page_id=341"},"modified":"2025-09-25T16:51:54","modified_gmt":"2025-09-25T13:51:54","slug":"contatti","status":"publish","type":"page","link":"https:\/\/ambnicosia.esteri.it\/it\/chi-siamo\/gli-uffici\/contatti\/","title":{"rendered":"Contatti"},"content":{"rendered":"<p>Ambasciata d&#8217;Italia &#8211; Nicosia<br \/>\n25th March Street, n.11<br \/>\n2408 Engomi \u2013 Nicosia<br \/>\nP.O. Box 27695<\/p>\n<p><strong>Tel.<\/strong>: (00357) 22357635\/6 \u2013 22358258 \u2013 22357718<\/p>\n<p><strong>Fax<\/strong>: (00357) 22357616<\/p>\n<p><strong>N. per le emergenze<\/strong>: + 357 99 611 910<\/p>\n<p>&nbsp;<\/p>\n<p><strong>Orari e modalit\u00e0 di accesso ai servizi dell&#8217;Ambasciata<\/strong><\/p>\n<p>Gli Uffici dell\u2019Ambasciata d\u2019Italia a Nicosia osservano i seguenti orari:\u00a0da luned\u00ec a gioved\u00ec dalle 8:15 alle 16:15; il venerd\u00ec dalle 8:15 alle 14:15.<\/p>\n<p>L\u2019<strong>Ufficio consolare<\/strong>\u00a0riceve il pubblico: luned\u00ec, marted\u00ec, gioved\u00ec e venerd\u00ec dalle ore 9.00 alle 12.00; mercoled\u00ec dalle ore 14.00 alle 16.00.<\/p>\n<p>Si prega di non telefonare all\u2019Ufficio consolare durante l\u2019orario di ricevimento del pubblico.\u00a0<strong>Le chiamate si accettano nei seguenti orari<\/strong>:<\/p>\n<p>luned\u00ec e gioved\u00ec \u2013 dalle 14.00 alle 16.00<br \/>\nmercoled\u00ec \u2013 dalle 11.00 alle 13.00<\/p>\n<p>Si ricorda che l\u2019ufficio consolare riceve solo su appuntamento. Per prenotare un appuntamento \u00e8 disponibile il nuovo portale PRENOT@MI al seguente indirizzo\u00a0<a href=\"https:\/\/prenotami.esteri.it\/\">https:\/\/prenotami.esteri.it\/<\/a>\u00a0.<\/p>\n<p>Solo nel caso in cui si necessitino ulteriori informazioni scrivere a\u00a0<a href=\"mailto:consolare.nicosia@esteri.it\">consolare.nicosia@esteri.it<\/a> (per questioni consolari) e <a href=\"mailto:nicosia.visa@esteri.it\">nicosia.visa@esteri.it<\/a> (per questioni attinenti ai visti) oppure chiamare i numeri: + 357 22357635\/6 (interni 114 o 134) nei giorni sopra indicati.<\/p>\n<p>Per le pratiche che non necessitano la presenza in Ambasciata, come quelle di iscrizione AIRE, cambio di indirizzo e cambio di circoscrizione consolare si raccomanda di utilizzare il portale FastIT, disponibile al seguente link:\u00a0<a href=\"https:\/\/serviziconsolarionline.esteri.it\/\">https:\/\/serviziconsolarionline.esteri.it<\/a>\u00a0.<\/p>\n<p><strong>Visti<\/strong><\/p>\n<p>Si prega di visitare il sito\u00a0<a href=\"https:\/\/vistoperitalia.esteri.it\/home\/en\">Visto per l&#8217;Italia<\/a>\u00a0per ottenere tutte le informazioni necessarie riguardo ai requisiti e le condizioni per l&#8217;ottenimento di un visto. A causa dell&#8217;alto numero di richieste, la prenotazione di un appuntamento per l&#8217;ottenimento di un visto pu\u00f2 richiedere molto tempo. E&#8217; altamente consigliabile, dunque, non prenotare i biglietti o l&#8217;alloggio prima di ottenere un appuntamento presso l&#8217;Ufficio Consolare.<\/p>\n<p><strong>Assistenza di emergenza<\/strong><\/p>\n<p>L\u2019assistenza consolare di emergenza dedicata ai cittadini italiani continuer\u00e0 ad essere assicurata anche al di fuori degli orari di apertura dell\u2019Ambasciata.<\/p>\n<p>Nei casi di comprovata necessit\u00e0 ed urgenza in cui sono a rischio la sicurezza e l\u2019incolumit\u00e0 delle persone, che non possono essere rinviati al normale orario di apertura degli uffici, i cittadini italiani possono contattare l\u2019Ambasciata d\u2019Italia a Nicosia al numero di emergenza + 357 99 611 910<\/p>\n<p>Email della Sede:\u00a0<a href=\"mailto:ambnico.mail@esteri.it\">ambnico.mail@esteri.it<\/a><\/p>\n<p>PEC:\u00a0<a href=\"mailto:amb.nicosia@cert.esteri.it\">amb.nicosia@cert.esteri.it<\/a><\/p>\n","protected":false},"excerpt":{"rendered":"Ambasciata d&#8217;Italia &#8211; Nicosia 25th March Street, n.11 2408 Engomi \u2013 Nicosia P.O. Box 27695 Tel.: (00357) 22357635\/6 \u2013 22358258 \u2013 22357718 Fax: (00357) 22357616 N. per le emergenze: + 357 99 611 910 &nbsp; Orari e modalit\u00e0 di accesso ai servizi dell&#8217;Ambasciata Gli Uffici dell\u2019Ambasciata d\u2019Italia a Nicosia osservano i seguenti orari:\u00a0da luned\u00ec a [&hellip;]","protected":false},"author":4,"featured_media":0,"parent":40,"menu_order":0,"comment_status":"closed","ping_status":"closed","template":"","meta":{"footnotes":""},"class_list":["post-341","page","type-page","status-publish","hentry"],"_links":{"self":[{"href":"https:\/\/ambnicosia.esteri.it\/it\/wp-json\/wp\/v2\/pages\/341","targetHints":{"allow":["GET"]}}],"collection":[{"href":"https:\/\/ambnicosia.esteri.it\/it\/wp-json\/wp\/v2\/pages"}],"about":[{"href":"https:\/\/ambnicosia.esteri.it\/it\/wp-json\/wp\/v2\/types\/page"}],"author":[{"embeddable":true,"href":"https:\/\/ambnicosia.esteri.it\/it\/wp-json\/wp\/v2\/users\/4"}],"replies":[{"embeddable":true,"href":"https:\/\/ambnicosia.esteri.it\/it\/wp-json\/wp\/v2\/comments?post=341"}],"version-history":[{"count":2,"href":"https:\/\/ambnicosia.esteri.it\/it\/wp-json\/wp\/v2\/pages\/341\/revisions"}],"predecessor-version":[{"id":3716,"href":"https:\/\/ambnicosia.esteri.it\/it\/wp-json\/wp\/v2\/pages\/341\/revisions\/3716"}],"up":[{"embeddable":true,"href":"https:\/\/ambnicosia.esteri.it\/it\/wp-json\/wp\/v2\/pages\/40"}],"wp:attachment":[{"href":"https:\/\/ambnicosia.esteri.it\/it\/wp-json\/wp\/v2\/media?parent=341"}],"curies":[{"name":"wp","href":"https:\/\/api.w.org\/{rel}","templated":true}]}}